{"id":2,"date":"2008-12-06T09:14:04","date_gmt":"2008-12-06T14:14:04","guid":{"rendered":"http:\/\/realsabogados.es\/blog\/?page_id=2"},"modified":"2012-01-31T18:53:46","modified_gmt":"2012-01-31T18:53:46","slug":"about","status":"publish","type":"page","link":"https:\/\/realsabogados.es\/blog\/?page_id=2","title":{"rendered":"Real\u00b4s Abogados"},"content":{"rendered":"<p><span class=\"Estilo5\"><span style=\"color: #003366;\"><strong>REAL\u00b4S ABOGADOS \u00a0es una firma de profesionales situada en Marbella, la cual tiene amplia experiencia en todos los aspectos legales de las inversiones inmobiliarias extranjeras en la Costa del Sol,\u00a0 temas mercantiles y fiscales relacionados con los compradores de propiedades e inversores. En definitiva , un asesoramiento espec\u00edfico en distintas ramas del Derecho.<\/strong><\/span><\/span><\/p>\n<div id=\"Layer32\" class=\"Estilo5\">\n<p><span style=\"color: #003366;\"><strong>Los socios de la firma tienen\u00a0 fluidez en ingl\u00e9s y adem\u00e1s llevan practicando leyes en diferentes despachos de Madrid y Marbella , durante los \u00faltimos quince a\u00f1os. Con nuestro sistema de oficinas asociadas, estimamos de esta forma el poder ofrecerles uno de los m\u00e1s dedicados y enfocados servicios disponibles para los compradores de propiedades en Espa\u00f1a.<\/strong><\/span><br \/>\n<span style=\"color: #003366;\"><strong>Nos enorgullece, el poder proveer a todos nuestros clientes con los mencionados servicios y al mismo tiempo con la debida atenci\u00f3n personal que siempre nos ha caracterizado a lo largo del tiempo; a la vez que ampliamos as\u00ed nuestras comunicaciones y enlaces con los clientes nuevos y habituales, asegur\u00e1ndonos as\u00ed adem\u00e1s de que las transacciones sean llevadas a cabo de forma din\u00e1mica, segura y sin esperas innecesarias.<\/strong><\/span><br \/>\n<span style=\"color: #003366;\"><strong>Igualmente contamos con la colaboraci\u00f3n de diferentes profesionales : expertos fiscales, economistas , auditores, arquitectos, tasadores, psicologos , medicos ,etc\u2026 para conseguir un servicio integral y una defensa completa de sus derechos .<\/strong><\/span><br \/>\n<span style=\"color: #003366;\"><strong>Ofrecemos distintas formulas de contrataci\u00f3n , para facilitar el acceso a nuestros servicios.<\/strong><\/span><\/div>\n","protected":false},"excerpt":{"rendered":"<p>REAL\u00b4S ABOGADOS \u00a0es una firma de profesionales situada en Marbella, la cual tiene amplia experiencia en todos los aspectos legales de las inversiones inmobiliarias extranjeras en la Costa del Sol,\u00a0 temas mercantiles y fiscales relacionados con los compradores de propiedades e inversores. En definitiva , un asesoramiento espec\u00edfico en distintas ramas del Derecho. Los socios [&hellip;]<\/p>\n","protected":false},"author":1,"featured_media":0,"parent":0,"menu_order":0,"comment_status":"closed","ping_status":"closed","template":"","meta":{"footnotes":""},"class_list":["post-2","page","type-page","status-publish","hentry"],"_links":{"self":[{"href":"https:\/\/realsabogados.es\/blog\/index.php?rest_route=\/wp\/v2\/pages\/2","targetHints":{"allow":["GET"]}}],"collection":[{"href":"https:\/\/realsabogados.es\/blog\/index.php?rest_route=\/wp\/v2\/pages"}],"about":[{"href":"https:\/\/realsabogados.es\/blog\/index.php?rest_route=\/wp\/v2\/types\/page"}],"author":[{"embeddable":true,"href":"https:\/\/realsabogados.es\/blog\/index.php?rest_route=\/wp\/v2\/users\/1"}],"replies":[{"embeddable":true,"href":"https:\/\/realsabogados.es\/blog\/index.php?rest_route=%2Fwp%2Fv2%2Fcomments&post=2"}],"version-history":[{"count":2,"href":"https:\/\/realsabogados.es\/blog\/index.php?rest_route=\/wp\/v2\/pages\/2\/revisions"}],"predecessor-version":[{"id":17,"href":"https:\/\/realsabogados.es\/blog\/index.php?rest_route=\/wp\/v2\/pages\/2\/revisions\/17"}],"wp:attachment":[{"href":"https:\/\/realsabogados.es\/blog\/index.php?rest_route=%2Fwp%2Fv2%2Fmedia&parent=2"}],"curies":[{"name":"wp","href":"https:\/\/api.w.org\/{rel}","templated":true}]}}